{"id":41,"date":"2020-08-04T13:10:22","date_gmt":"2020-08-04T11:10:22","guid":{"rendered":"https:\/\/digital.kirklarsen.dk\/skilsmisse\/oversigt\/boern-de-gode-aftaler-fra-start\/"},"modified":"2020-09-16T14:09:51","modified_gmt":"2020-09-16T12:09:51","slug":"aftaler","status":"publish","type":"page","link":"https:\/\/digital.kirklarsen.dk\/skilsmisse\/oversigt\/aftaler\/","title":{"rendered":"B\u00f8rn &#8211; Aftale om bop\u00e6l, samv\u00e6r og b\u00f8rnebidrag"},"content":{"rendered":"","protected":false},"excerpt":{"rendered":"","protected":false},"author":3,"featured_media":0,"parent":2,"menu_order":11,"comment_status":"closed","ping_status":"closed","template":"","meta":{"_acf_changed":false,"footnotes":""},"class_list":["post-41","page","type-page","status-publish","hentry"],"acf":[],"yoast_head":"<!-- This site is optimized with the Yoast SEO plugin v26.9 - https:\/\/yoast.com\/product\/yoast-seo-wordpress\/ -->\n<title>B\u00f8rn - Aftale om bop\u00e6l, samv\u00e6r og b\u00f8rnebidrag - Skilsmisse<\/title>\n<meta name=\"robots\" content=\"index, follow, max-snippet:-1, max-image-preview:large, max-video-preview:-1\" \/>\n<link rel=\"canonical\" href=\"https:\/\/digital.kirklarsen.dk\/skilsmisse\/oversigt\/aftaler\/\" \/>\n<meta property=\"og:locale\" content=\"da_DK\" \/>\n<meta property=\"og:type\" content=\"article\" \/>\n<meta property=\"og:title\" content=\"B\u00f8rn - Aftale om bop\u00e6l, samv\u00e6r og b\u00f8rnebidrag - Skilsmisse\" \/>\n<meta property=\"og:url\" content=\"https:\/\/digital.kirklarsen.dk\/skilsmisse\/oversigt\/aftaler\/\" \/>\n<meta property=\"og:site_name\" content=\"Skilsmisse\" \/>\n<meta property=\"article:modified_time\" content=\"2020-09-16T12:09:51+00:00\" \/>\n<meta name=\"twitter:card\" content=\"summary_large_image\" \/>\n<script type=\"application\/ld+json\" class=\"yoast-schema-graph\">{\"@context\":\"https:\/\/schema.org\",\"@graph\":[{\"@type\":\"WebPage\",\"@id\":\"https:\/\/digital.kirklarsen.dk\/skilsmisse\/oversigt\/aftaler\/\",\"url\":\"https:\/\/digital.kirklarsen.dk\/skilsmisse\/oversigt\/aftaler\/\",\"name\":\"B\u00f8rn - Aftale om bop\u00e6l, samv\u00e6r og b\u00f8rnebidrag - Skilsmisse\",\"isPartOf\":{\"@id\":\"https:\/\/digital.kirklarsen.dk\/skilsmisse\/#website\"},\"datePublished\":\"2020-08-04T11:10:22+00:00\",\"dateModified\":\"2020-09-16T12:09:51+00:00\",\"breadcrumb\":{\"@id\":\"https:\/\/digital.kirklarsen.dk\/skilsmisse\/oversigt\/aftaler\/#breadcrumb\"},\"inLanguage\":\"da-DK\",\"potentialAction\":[{\"@type\":\"ReadAction\",\"target\":[\"https:\/\/digital.kirklarsen.dk\/skilsmisse\/oversigt\/aftaler\/\"]}]},{\"@type\":\"BreadcrumbList\",\"@id\":\"https:\/\/digital.kirklarsen.dk\/skilsmisse\/oversigt\/aftaler\/#breadcrumb\",\"itemListElement\":[{\"@type\":\"ListItem\",\"position\":1,\"name\":\"Home\",\"item\":\"https:\/\/digital.kirklarsen.dk\/skilsmisse\/\"},{\"@type\":\"ListItem\",\"position\":2,\"name\":\"Oversigt\",\"item\":\"https:\/\/digital.kirklarsen.dk\/skilsmisse\/oversigt\/\"},{\"@type\":\"ListItem\",\"position\":3,\"name\":\"B\u00f8rn &#8211; Aftale om bop\u00e6l, samv\u00e6r og b\u00f8rnebidrag\"}]},{\"@type\":\"WebSite\",\"@id\":\"https:\/\/digital.kirklarsen.dk\/skilsmisse\/#website\",\"url\":\"https:\/\/digital.kirklarsen.dk\/skilsmisse\/\",\"name\":\"Skilsmisse\",\"description\":\"Endnu en Kirk Larsen &amp; Ascanius - Webapps-side\",\"potentialAction\":[{\"@type\":\"SearchAction\",\"target\":{\"@type\":\"EntryPoint\",\"urlTemplate\":\"https:\/\/digital.kirklarsen.dk\/skilsmisse\/?s={search_term_string}\"},\"query-input\":{\"@type\":\"PropertyValueSpecification\",\"valueRequired\":true,\"valueName\":\"search_term_string\"}}],\"inLanguage\":\"da-DK\"}]}<\/script>\n<!-- \/ Yoast SEO plugin. -->","yoast_head_json":{"title":"B\u00f8rn - Aftale om bop\u00e6l, samv\u00e6r og b\u00f8rnebidrag - Skilsmisse","robots":{"index":"index","follow":"follow","max-snippet":"max-snippet:-1","max-image-preview":"max-image-preview:large","max-video-preview":"max-video-preview:-1"},"canonical":"https:\/\/digital.kirklarsen.dk\/skilsmisse\/oversigt\/aftaler\/","og_locale":"da_DK","og_type":"article","og_title":"B\u00f8rn - Aftale om bop\u00e6l, samv\u00e6r og b\u00f8rnebidrag - Skilsmisse","og_url":"https:\/\/digital.kirklarsen.dk\/skilsmisse\/oversigt\/aftaler\/","og_site_name":"Skilsmisse","article_modified_time":"2020-09-16T12:09:51+00:00","twitter_card":"summary_large_image","schema":{"@context":"https:\/\/schema.org","@graph":[{"@type":"WebPage","@id":"https:\/\/digital.kirklarsen.dk\/skilsmisse\/oversigt\/aftaler\/","url":"https:\/\/digital.kirklarsen.dk\/skilsmisse\/oversigt\/aftaler\/","name":"B\u00f8rn - Aftale om bop\u00e6l, samv\u00e6r og b\u00f8rnebidrag - Skilsmisse","isPartOf":{"@id":"https:\/\/digital.kirklarsen.dk\/skilsmisse\/#website"},"datePublished":"2020-08-04T11:10:22+00:00","dateModified":"2020-09-16T12:09:51+00:00","breadcrumb":{"@id":"https:\/\/digital.kirklarsen.dk\/skilsmisse\/oversigt\/aftaler\/#breadcrumb"},"inLanguage":"da-DK","potentialAction":[{"@type":"ReadAction","target":["https:\/\/digital.kirklarsen.dk\/skilsmisse\/oversigt\/aftaler\/"]}]},{"@type":"BreadcrumbList","@id":"https:\/\/digital.kirklarsen.dk\/skilsmisse\/oversigt\/aftaler\/#breadcrumb","itemListElement":[{"@type":"ListItem","position":1,"name":"Home","item":"https:\/\/digital.kirklarsen.dk\/skilsmisse\/"},{"@type":"ListItem","position":2,"name":"Oversigt","item":"https:\/\/digital.kirklarsen.dk\/skilsmisse\/oversigt\/"},{"@type":"ListItem","position":3,"name":"B\u00f8rn &#8211; Aftale om bop\u00e6l, samv\u00e6r og b\u00f8rnebidrag"}]},{"@type":"WebSite","@id":"https:\/\/digital.kirklarsen.dk\/skilsmisse\/#website","url":"https:\/\/digital.kirklarsen.dk\/skilsmisse\/","name":"Skilsmisse","description":"Endnu en Kirk Larsen &amp; Ascanius - Webapps-side","potentialAction":[{"@type":"SearchAction","target":{"@type":"EntryPoint","urlTemplate":"https:\/\/digital.kirklarsen.dk\/skilsmisse\/?s={search_term_string}"},"query-input":{"@type":"PropertyValueSpecification","valueRequired":true,"valueName":"search_term_string"}}],"inLanguage":"da-DK"}]}},"_links":{"self":[{"href":"https:\/\/digital.kirklarsen.dk\/skilsmisse\/wp-json\/wp\/v2\/pages\/41","targetHints":{"allow":["GET"]}}],"collection":[{"href":"https:\/\/digital.kirklarsen.dk\/skilsmisse\/wp-json\/wp\/v2\/pages"}],"about":[{"href":"https:\/\/digital.kirklarsen.dk\/skilsmisse\/wp-json\/wp\/v2\/types\/page"}],"author":[{"embeddable":true,"href":"https:\/\/digital.kirklarsen.dk\/skilsmisse\/wp-json\/wp\/v2\/users\/3"}],"replies":[{"embeddable":true,"href":"https:\/\/digital.kirklarsen.dk\/skilsmisse\/wp-json\/wp\/v2\/comments?post=41"}],"version-history":[{"count":5,"href":"https:\/\/digital.kirklarsen.dk\/skilsmisse\/wp-json\/wp\/v2\/pages\/41\/revisions"}],"predecessor-version":[{"id":93,"href":"https:\/\/digital.kirklarsen.dk\/skilsmisse\/wp-json\/wp\/v2\/pages\/41\/revisions\/93"}],"up":[{"embeddable":true,"href":"https:\/\/digital.kirklarsen.dk\/skilsmisse\/wp-json\/wp\/v2\/pages\/2"}],"wp:attachment":[{"href":"https:\/\/digital.kirklarsen.dk\/skilsmisse\/wp-json\/wp\/v2\/media?parent=41"}],"curies":[{"name":"wp","href":"https:\/\/api.w.org\/{rel}","templated":true}]}}